{"id":232,"date":"2021-12-11T12:40:36","date_gmt":"2021-12-11T11:40:36","guid":{"rendered":"https:\/\/www.larueeverslorge.fr\/?page_id=232"},"modified":"2023-02-06T20:15:22","modified_gmt":"2023-02-06T19:15:22","slug":"a-propos","status":"publish","type":"page","link":"https:\/\/www.larueeverslorge.fr\/index.php\/a-propos\/","title":{"rendered":"A propos&#8230;"},"content":{"rendered":"\n<p>La Ru\u00e9e vers l&#8217;Orge est une SAS estampill\u00e9e micro distillerie paysanne, dont l&#8217;objectif est de maitriser les diff\u00e9rentes \u00e9tapes de fabrication d&#8217;alcools \u00e0 base d&#8217;orge (eau de vie d&#8217;orge, spiritueux, whisky). <br>Nous sommes tellement petit que pour le moment, nous n&#8217;avons ni l&#8217;espace, ni les moyens, ni le temps de tout faire. Nous avons d\u00e9cid\u00e9 de prendre notre temps, d&#8217;apprendre, de grandir patiemment.<\/p>\n\n\n\n<p>Aujourd&#8217;hui, nous avons la maitrise de :<\/p>\n\n\n\n<p>&#8211; la culture de l&#8217;orge bio pour une \u00e9criture \u00e0 la parcelle (seuls au monde \u00e0 faire \u00e7a) gr\u00e2ce \u00e0 Pascal, paysan en bio depuis plus de 25 ans,<\/p>\n\n\n\n<p>&#8211; l&#8217;\u00e9levage, le coupage et la mise en bouteille de notre distillat, \u00e0 notre go\u00fbt, au sein de notre entrep\u00f4t agr\u00e9\u00e9 depuis le 1er avril 2020.<\/p>\n\n\n\n<p>Nous sommes r\u00e9f\u00e9renc\u00e9s sur l&#8217;annuaire officiel Agence fran\u00e7aise pour le D\u00e9veloppement et la Promotion de l&#8217;Agriculture Biologique (<a href=\"https:\/\/annuaire.agencebio.org\/fiche\/14624\">https:\/\/annuaire.agencebio.org\/fiche\/14624<\/a>)<\/p>\n\n\n\n<p>Pour nous aider dans notre aventure, nous tenons \u00e0 remercier :<\/p>\n\n\n\n<p>&#8211; Franck Durand et la Cuma Innov&#8217;44, pour le tri de l&#8217;orge<\/p>\n\n\n\n<p>&#8211; Emmanuel Faucillon, pour son maltage bio,<\/p>\n\n\n\n<p>&#8211; Quentin Chillou, pour son brassage bio,<\/p>\n\n\n\n<p>&#8211; Marina Noury, pour sa distillation bio.<br><\/p>\n\n\n\n<p>Nous tenons aussi \u00e0 remercier nos partenaires de vente :<\/p>\n\n\n\n<p>&#8211; l&#8217;Auberge de la For\u00eat \/ Le G\u00e2vre (44)<\/p>\n\n\n\n<p>&#8211; La bande \u00e0 Basile \/ Saffr\u00e9 (44)<\/p>\n\n\n\n<p>&#8211; L&#8217;Atelier M \/ Pless\u00e9 (44) <\/p>\n\n\n\n<p>&#8211; Les Milles et Unes Lunes \/ Plouzan\u00e9 (29)<\/p>\n\n\n\n<p><\/p>\n\n\n\n<p>S\u00e9bastien Argant, Pascal Foug\u00e8re, Florent Ollivier, Jean-Marc Rousset. <\/p>\n\n\n\n<hr class=\"wp-block-separator\"\/>\n\n\n\n<p>LA RUEE VERS L&#8217;ORGE<\/p>\n\n\n\n<p>micro distillerie paysanne<\/p>\n\n\n\n<p>SAS au capital de 1000 \u20ac<\/p>\n\n\n\n<p>9 la Place, 44170 VAY, FRANCE <\/p>\n\n\n\n<p>Entrepositaire agr\u00e9\u00e9 au service des douanes :  FR 02 0003 N6314<\/p>\n\n\n\n<p>SIRET&nbsp;: 881 522 049 00017<\/p>\n\n\n\n<p>APE&nbsp;: 1101Z<br> <\/p>\n\n\n\n<p> <\/p>\n\n\n\n<p>  <\/p>\n\n\n\n<p><br><\/p>\n\n\n\n<p><\/p>\n","protected":false},"excerpt":{"rendered":"<p>La Ru\u00e9e vers l&#8217;Orge est une SAS estampill\u00e9e micro distillerie paysanne, dont l&#8217;objectif est de maitriser les diff\u00e9rentes \u00e9tapes de fabrication d&#8217;alcools \u00e0 base d&#8217;orge (eau de vie d&#8217;orge, spiritueux, whisky). Nous sommes tellement petit que pour le moment, nous n&#8217;avons ni l&#8217;espace, ni les moyens, ni le temps de tout faire. Nous avons d\u00e9cid\u00e9<\/p>\n<div><a class=\"btn-filled btn\" href=\"https:\/\/www.larueeverslorge.fr\/index.php\/a-propos\/\" title\"\">Lire plus&#8230;<\/a><\/div>\n","protected":false},"author":1,"featured_media":0,"parent":0,"menu_order":1,"comment_status":"closed","ping_status":"closed","template":"","meta":{"spay_email":""},"_links":{"self":[{"href":"https:\/\/www.larueeverslorge.fr\/index.php\/wp-json\/wp\/v2\/pages\/232"}],"collection":[{"href":"https:\/\/www.larueeverslorge.fr\/index.php\/wp-json\/wp\/v2\/pages"}],"about":[{"href":"https:\/\/www.larueeverslorge.fr\/index.php\/wp-json\/wp\/v2\/types\/page"}],"author":[{"embeddable":true,"href":"https:\/\/www.larueeverslorge.fr\/index.php\/wp-json\/wp\/v2\/users\/1"}],"replies":[{"embeddable":true,"href":"https:\/\/www.larueeverslorge.fr\/index.php\/wp-json\/wp\/v2\/comments?post=232"}],"version-history":[{"count":13,"href":"https:\/\/www.larueeverslorge.fr\/index.php\/wp-json\/wp\/v2\/pages\/232\/revisions"}],"predecessor-version":[{"id":368,"href":"https:\/\/www.larueeverslorge.fr\/index.php\/wp-json\/wp\/v2\/pages\/232\/revisions\/368"}],"wp:attachment":[{"href":"https:\/\/www.larueeverslorge.fr\/index.php\/wp-json\/wp\/v2\/media?parent=232"}],"curies":[{"name":"wp","href":"https:\/\/api.w.org\/{rel}","templated":true}]}}