{"id":91,"date":"2021-08-09T12:20:33","date_gmt":"2021-08-09T10:20:33","guid":{"rendered":"http:\/\/larueeverslorge.fr\/?page_id=91"},"modified":"2023-01-11T09:24:14","modified_gmt":"2023-01-11T08:24:14","slug":"projets","status":"publish","type":"page","link":"https:\/\/www.larueeverslorge.fr\/index.php\/projets\/","title":{"rendered":"Projets"},"content":{"rendered":"\t\t\t<div class=\"jetpack-portfolio-shortcode column-2\">\n\t\t\t\t\t\t\t<div class=\"portfolio-entry portfolio-entry-column-2 portfolio-entry-mobile-first-item-row portfolio-entry-first-item-row\">\n\t\t\t\t\t<header class=\"portfolio-entry-header\">\n\t\t\t\t\t<a class=\"portfolio-featured-image\" href=\"https:\/\/www.larueeverslorge.fr\/index.php\/portfolio\/vaysky-recolte-2022-nouvelle-distillation\/\"><img width=\"500\" height=\"503\" src=\"https:\/\/www.larueeverslorge.fr\/wp-content\/uploads\/2025\/02\/PDA-R22-D23-EDAR22-D24.png\" class=\"attachment-large size-large wp-post-image\" alt=\"\" loading=\"lazy\" srcset=\"https:\/\/www.larueeverslorge.fr\/wp-content\/uploads\/2025\/02\/PDA-R22-D23-EDAR22-D24.png 500w, https:\/\/www.larueeverslorge.fr\/wp-content\/uploads\/2025\/02\/PDA-R22-D23-EDAR22-D24-298x300.png 298w, https:\/\/www.larueeverslorge.fr\/wp-content\/uploads\/2025\/02\/PDA-R22-D23-EDAR22-D24-150x150.png 150w, https:\/\/www.larueeverslorge.fr\/wp-content\/uploads\/2025\/02\/PDA-R22-D23-EDAR22-D24-115x116.png 115w, https:\/\/www.larueeverslorge.fr\/wp-content\/uploads\/2025\/02\/PDA-R22-D23-EDAR22-D24-50x50.png 50w\" sizes=\"(max-width: 500px) 100vw, 500px\" \/><\/a>\n\t\t\t\t\t<h2 class=\"portfolio-entry-title\"><a href=\"https:\/\/www.larueeverslorge.fr\/index.php\/portfolio\/vaysky-recolte-2022-nouvelle-distillation\/\" title=\"Vaysky R\u00e9colte 2022, nouvelle distillation\">Vaysky R\u00e9colte 2022, nouvelle distillation<\/a><\/h2>\n\n\t\t\t\t\t\t<div class=\"portfolio-entry-meta\">\n\t\t\t\t\t\t\t\t\t\t\t\t<\/div>\n\n\t\t\t\t\t<\/header>\n\n\t\t\t\t\t\t\t\t\t\t<div class=\"portfolio-entry-content\"><p>Les deux cuv\u00e9es de VAYSKY 2022 que l&#8217;on vous propose sont uniques : un seul champ cultiv\u00e9 en bio (orge non GN), un seul malt (single malt), un seul village, VAY, un seul f\u00fbt pour l\u2019esprit des anges, en ch\u00eane Fran\u00e7ais du Limousin sign\u00e9 Allary, l&#8217;expression d&#8217;une orge d\u2019une ann\u00e9e, jamais tout \u00e0 fait la<\/p>\n<div><a class=\"btn-filled btn\" href=\"https:\/\/www.larueeverslorge.fr\/index.php\/portfolio\/vaysky-recolte-2022-nouvelle-distillation\/\" title\"\">Lire plus&#8230;<\/a><\/div>\n<\/div>\n\t\t\t\t\t\t\t\t\t<\/div><!-- close .portfolio-entry -->\n\t\t\t\t\t\t\t\t<div class=\"portfolio-entry portfolio-entry-column-2 portfolio-entry-mobile-last-item-row portfolio-entry-last-item-row\">\n\t\t\t\t\t<header class=\"portfolio-entry-header\">\n\t\t\t\t\t<a class=\"portfolio-featured-image\" href=\"https:\/\/www.larueeverslorge.fr\/index.php\/portfolio\/vaysky-recolte-2022\/\"><img width=\"960\" height=\"530\" src=\"https:\/\/www.larueeverslorge.fr\/wp-content\/uploads\/2023\/11\/affiche-lrvlo.2.jpg\" class=\"attachment-large size-large wp-post-image\" alt=\"\" loading=\"lazy\" srcset=\"https:\/\/www.larueeverslorge.fr\/wp-content\/uploads\/2023\/11\/affiche-lrvlo.2.jpg 960w, https:\/\/www.larueeverslorge.fr\/wp-content\/uploads\/2023\/11\/affiche-lrvlo.2-300x166.jpg 300w, https:\/\/www.larueeverslorge.fr\/wp-content\/uploads\/2023\/11\/affiche-lrvlo.2-768x424.jpg 768w, https:\/\/www.larueeverslorge.fr\/wp-content\/uploads\/2023\/11\/affiche-lrvlo.2-210x116.jpg 210w\" sizes=\"(max-width: 960px) 100vw, 960px\" \/><\/a>\n\t\t\t\t\t<h2 class=\"portfolio-entry-title\"><a href=\"https:\/\/www.larueeverslorge.fr\/index.php\/portfolio\/vaysky-recolte-2022\/\" title=\"VaySky r\u00e9colte 2022\">VaySky r\u00e9colte 2022<\/a><\/h2>\n\n\t\t\t\t\t\t<div class=\"portfolio-entry-meta\">\n\t\t\t\t\t\t\t\t\t\t\t\t<\/div>\n\n\t\t\t\t\t<\/header>\n\n\t\t\t\t\t\t\t\t\t\t<div class=\"portfolio-entry-content\"><p>Les deux cuv\u00e9es de VAYSKY 2022 que l&#8217;on vous propose sont uniques : un seul champ cultiv\u00e9 en bio (orge non GN), un seul malt (single malt), un seul village, VAY, un seul f\u00fbt pour l\u2019esprit des anges, en ch\u00eane Fran\u00e7ais du Limousin sign\u00e9 Allary, l&#8217;expression d&#8217;une orge d\u2019une ann\u00e9e, jamais tout \u00e0 fait la<\/p>\n<div><a class=\"btn-filled btn\" href=\"https:\/\/www.larueeverslorge.fr\/index.php\/portfolio\/vaysky-recolte-2022\/\" title\"\">Lire plus&#8230;<\/a><\/div>\n<\/div>\n\t\t\t\t\t\t\t\t\t<\/div><!-- close .portfolio-entry -->\n\t\t\t\t\t\t\t\t<div class=\"portfolio-entry portfolio-entry-column-2 portfolio-entry-mobile-first-item-row portfolio-entry-first-item-row\">\n\t\t\t\t\t<header class=\"portfolio-entry-header\">\n\t\t\t\t\t<a class=\"portfolio-featured-image\" href=\"https:\/\/www.larueeverslorge.fr\/index.php\/portfolio\/vaysky-recolte-2022-la-prevente-est-ouverte\/\"><img width=\"1024\" height=\"576\" src=\"https:\/\/www.larueeverslorge.fr\/wp-content\/uploads\/2023\/01\/DJI_0123-1024x576.jpg\" class=\"attachment-large size-large wp-post-image\" alt=\"\" loading=\"lazy\" srcset=\"https:\/\/www.larueeverslorge.fr\/wp-content\/uploads\/2023\/01\/DJI_0123-1024x576.jpg 1024w, https:\/\/www.larueeverslorge.fr\/wp-content\/uploads\/2023\/01\/DJI_0123-300x169.jpg 300w, https:\/\/www.larueeverslorge.fr\/wp-content\/uploads\/2023\/01\/DJI_0123-768x432.jpg 768w, https:\/\/www.larueeverslorge.fr\/wp-content\/uploads\/2023\/01\/DJI_0123-1536x864.jpg 1536w, https:\/\/www.larueeverslorge.fr\/wp-content\/uploads\/2023\/01\/DJI_0123-2048x1152.jpg 2048w, https:\/\/www.larueeverslorge.fr\/wp-content\/uploads\/2023\/01\/DJI_0123-206x116.jpg 206w\" sizes=\"(max-width: 1024px) 100vw, 1024px\" \/><\/a>\n\t\t\t\t\t<h2 class=\"portfolio-entry-title\"><a href=\"https:\/\/www.larueeverslorge.fr\/index.php\/portfolio\/vaysky-recolte-2022-la-prevente-est-ouverte\/\" title=\"VaySky r\u00e9colte 2022 : pr\u00e9vente ouverte jusqu&#8217;au 30\/09\/2023 !\">VaySky r\u00e9colte 2022 : pr\u00e9vente ouverte jusqu&#8217;au 30\/09\/2023 !<\/a><\/h2>\n\n\t\t\t\t\t\t<div class=\"portfolio-entry-meta\">\n\t\t\t\t\t\t\t\t\t\t\t\t<\/div>\n\n\t\t\t\t\t<\/header>\n\n\t\t\t\t\t\t\t\t\t\t<div class=\"portfolio-entry-content\"><p>Fort du succ\u00e8s de la Part Anges r\u00e9colte 2021 et de l&#8217;Esprit des Anges r\u00e9colte 2021, nous vous proposons de nouveau de participer \u00e0 la phase de pr\u00e9vente de la Part Anges r\u00e9colte 2022 et de l&#8217;Esprit des Anges r\u00e9colte 2022. A tous ceux qui ont particip\u00e9 \u00e0 la pr\u00e9vente pr\u00e9c\u00e9dente, \u00e0 tous les acheteurs<\/p>\n<div><a class=\"btn-filled btn\" href=\"https:\/\/www.larueeverslorge.fr\/index.php\/portfolio\/vaysky-recolte-2022-la-prevente-est-ouverte\/\" title\"\">Lire plus&#8230;<\/a><\/div>\n<\/div>\n\t\t\t\t\t\t\t\t\t<\/div><!-- close .portfolio-entry -->\n\t\t\t\t\t\t\t\t<div class=\"portfolio-entry portfolio-entry-column-2 portfolio-entry-mobile-last-item-row portfolio-entry-last-item-row\">\n\t\t\t\t\t<header class=\"portfolio-entry-header\">\n\t\t\t\t\t<a class=\"portfolio-featured-image\" href=\"https:\/\/www.larueeverslorge.fr\/index.php\/portfolio\/pre-vente-2021-prolongations\/\"><img width=\"800\" height=\"530\" src=\"https:\/\/www.larueeverslorge.fr\/wp-content\/uploads\/2021\/12\/IMGP8679.png\" class=\"attachment-large size-large wp-post-image\" alt=\"\" loading=\"lazy\" srcset=\"https:\/\/www.larueeverslorge.fr\/wp-content\/uploads\/2021\/12\/IMGP8679.png 800w, https:\/\/www.larueeverslorge.fr\/wp-content\/uploads\/2021\/12\/IMGP8679-300x199.png 300w, https:\/\/www.larueeverslorge.fr\/wp-content\/uploads\/2021\/12\/IMGP8679-768x509.png 768w, https:\/\/www.larueeverslorge.fr\/wp-content\/uploads\/2021\/12\/IMGP8679-175x116.png 175w\" sizes=\"(max-width: 800px) 100vw, 800px\" \/><\/a>\n\t\t\t\t\t<h2 class=\"portfolio-entry-title\"><a href=\"https:\/\/www.larueeverslorge.fr\/index.php\/portfolio\/pre-vente-2021-prolongations\/\" title=\"Pr\u00e9-vente 2021 &#8211; PROLONGATIONS\">Pr\u00e9-vente 2021 &#8211; PROLONGATIONS<\/a><\/h2>\n\n\t\t\t\t\t\t<div class=\"portfolio-entry-meta\">\n\t\t\t\t\t\t\t\t\t\t\t\t<\/div>\n\n\t\t\t\t\t<\/header>\n\n\t\t\t\t\t\t\t\t\t\t<div class=\"portfolio-entry-content\"><p>Pr\u00e9vente jusqu&#8217;au 30\/09\/2022. Offre limit\u00e9e \u00e0 6 bouteilles de PART DES ANGES et 100 bouteilles d&#8217;ESPRIT DES ANGES. Les deux cuv\u00e9es de VAYSKY 2021 que l&#8217;on vous propose en pr\u00e9vente sont uniques (*) : un seul champ cultiv\u00e9 en bio (orge non GN), un seul malt (single malt) un seul village, VAY, un seul f\u00fbt<\/p>\n<div><a class=\"btn-filled btn\" href=\"https:\/\/www.larueeverslorge.fr\/index.php\/portfolio\/pre-vente-2021-prolongations\/\" title\"\">Lire plus&#8230;<\/a><\/div>\n<\/div>\n\t\t\t\t\t\t\t\t\t<\/div><!-- close .portfolio-entry -->\n\t\t\t\t\t\t\t\t<div class=\"portfolio-entry portfolio-entry-column-2 portfolio-entry-mobile-first-item-row portfolio-entry-first-item-row\">\n\t\t\t\t\t<header class=\"portfolio-entry-header\">\n\t\t\t\t\t<a class=\"portfolio-featured-image\" href=\"https:\/\/www.larueeverslorge.fr\/index.php\/portfolio\/3\/\"><img width=\"768\" height=\"1024\" src=\"https:\/\/www.larueeverslorge.fr\/wp-content\/uploads\/2021\/09\/IMG_0154-768x1024.jpeg\" class=\"attachment-large size-large wp-post-image\" alt=\"\" loading=\"lazy\" srcset=\"https:\/\/www.larueeverslorge.fr\/wp-content\/uploads\/2021\/09\/IMG_0154-768x1024.jpeg 768w, https:\/\/www.larueeverslorge.fr\/wp-content\/uploads\/2021\/09\/IMG_0154-225x300.jpeg 225w, https:\/\/www.larueeverslorge.fr\/wp-content\/uploads\/2021\/09\/IMG_0154-1152x1536.jpeg 1152w, https:\/\/www.larueeverslorge.fr\/wp-content\/uploads\/2021\/09\/IMG_0154-1536x2048.jpeg 1536w, https:\/\/www.larueeverslorge.fr\/wp-content\/uploads\/2021\/09\/IMG_0154-87x116.jpeg 87w, https:\/\/www.larueeverslorge.fr\/wp-content\/uploads\/2021\/09\/IMG_0154-scaled.jpeg 1920w\" sizes=\"(max-width: 768px) 100vw, 768px\" \/><\/a>\n\t\t\t\t\t<h2 class=\"portfolio-entry-title\"><a href=\"https:\/\/www.larueeverslorge.fr\/index.php\/portfolio\/3\/\" title=\"#2\">#2<\/a><\/h2>\n\n\t\t\t\t\t\t<div class=\"portfolio-entry-meta\">\n\t\t\t\t\t\t\t\t\t\t\t\t<\/div>\n\n\t\t\t\t\t<\/header>\n\n\t\t\t\t\t\t\t\t\t\t<div class=\"portfolio-entry-content\"><p>2021 : Nouveau champs, nouveau semi avec une nouvelle vari\u00e9t\u00e9 d&#8217;orge BIO : la &#8220;Prospect&#8221;, orge de printemps &#8220;made in France&#8221; et non GN. Son pouvoir de tallage nous a surpris &#8211; tout comme sa lev\u00e9e tardive ! [pr\u00e9paration du sol, semi, moisson et tri : Pascal Foug\u00e8re \/ La Ru\u00e9e vers l&#8217;Orge] Op\u00e9ration de<\/p>\n<div><a class=\"btn-filled btn\" href=\"https:\/\/www.larueeverslorge.fr\/index.php\/portfolio\/3\/\" title\"\">Lire plus&#8230;<\/a><\/div>\n<\/div>\n\t\t\t\t\t\t\t\t\t<\/div><!-- close .portfolio-entry -->\n\t\t\t\t\t\t\t\t<div class=\"portfolio-entry portfolio-entry-column-2 portfolio-entry-mobile-last-item-row portfolio-entry-last-item-row\">\n\t\t\t\t\t<header class=\"portfolio-entry-header\">\n\t\t\t\t\t<a class=\"portfolio-featured-image\" href=\"https:\/\/www.larueeverslorge.fr\/index.php\/portfolio\/1\/\"><img width=\"1024\" height=\"1024\" src=\"https:\/\/www.larueeverslorge.fr\/wp-content\/uploads\/2021\/05\/04-BIS-F\u00dbT-ZOOM-1024x1024.jpg\" class=\"attachment-large size-large wp-post-image\" alt=\"\" loading=\"lazy\" srcset=\"https:\/\/www.larueeverslorge.fr\/wp-content\/uploads\/2021\/05\/04-BIS-F\u00dbT-ZOOM-1024x1024.jpg 1024w, https:\/\/www.larueeverslorge.fr\/wp-content\/uploads\/2021\/05\/04-BIS-F\u00dbT-ZOOM-300x300.jpg 300w, https:\/\/www.larueeverslorge.fr\/wp-content\/uploads\/2021\/05\/04-BIS-F\u00dbT-ZOOM-150x150.jpg 150w, https:\/\/www.larueeverslorge.fr\/wp-content\/uploads\/2021\/05\/04-BIS-F\u00dbT-ZOOM-768x768.jpg 768w, https:\/\/www.larueeverslorge.fr\/wp-content\/uploads\/2021\/05\/04-BIS-F\u00dbT-ZOOM-1536x1536.jpg 1536w, https:\/\/www.larueeverslorge.fr\/wp-content\/uploads\/2021\/05\/04-BIS-F\u00dbT-ZOOM-2048x2048.jpg 2048w\" sizes=\"(max-width: 1024px) 100vw, 1024px\" \/><\/a>\n\t\t\t\t\t<h2 class=\"portfolio-entry-title\"><a href=\"https:\/\/www.larueeverslorge.fr\/index.php\/portfolio\/1\/\" title=\"#1\">#1<\/a><\/h2>\n\n\t\t\t\t\t\t<div class=\"portfolio-entry-meta\">\n\t\t\t\t\t\t\t\t\t\t\t\t<\/div>\n\n\t\t\t\t\t<\/header>\n\n\t\t\t\t\t\t\t\t\t\t<div class=\"portfolio-entry-content\"><p>Tout commence par le travail de la terre, afin de la pr\u00e9parer \u00e0 donner le meilleur d&#8217;elle m\u00eame. Quand la m\u00e9t\u00e9o est propice, c&#8217;est le semi. Puis les jours passent et les premi\u00e8res pousses apparaissent&#8230; Le grain, \u00e0 la moisson. Un premier tri m\u00e9canique s&#8217;impose. S&#8217;ensuivront deux autres tris &#8211; densim\u00e9trique et optique &#8211; car<\/p>\n<div><a class=\"btn-filled btn\" href=\"https:\/\/www.larueeverslorge.fr\/index.php\/portfolio\/1\/\" title\"\">Lire plus&#8230;<\/a><\/div>\n<\/div>\n\t\t\t\t\t\t\t\t\t<\/div><!-- close .portfolio-entry -->\n\t\t\t\t\t\t\t\t<div class=\"portfolio-entry portfolio-entry-column-2 portfolio-entry-mobile-first-item-row portfolio-entry-first-item-row\">\n\t\t\t\t\t<header class=\"portfolio-entry-header\">\n\t\t\t\t\t<a class=\"portfolio-featured-image\" href=\"https:\/\/www.larueeverslorge.fr\/index.php\/portfolio\/faire-part-de-naissance\/\"><img width=\"800\" height=\"581\" src=\"https:\/\/www.larueeverslorge.fr\/wp-content\/uploads\/2020\/05\/rvo_b_a1.png\" class=\"attachment-large size-large wp-post-image\" alt=\"\" loading=\"lazy\" srcset=\"https:\/\/www.larueeverslorge.fr\/wp-content\/uploads\/2020\/05\/rvo_b_a1.png 800w, https:\/\/www.larueeverslorge.fr\/wp-content\/uploads\/2020\/05\/rvo_b_a1-300x218.png 300w, https:\/\/www.larueeverslorge.fr\/wp-content\/uploads\/2020\/05\/rvo_b_a1-768x558.png 768w\" sizes=\"(max-width: 800px) 100vw, 800px\" \/><\/a>\n\t\t\t\t\t<h2 class=\"portfolio-entry-title\"><a href=\"https:\/\/www.larueeverslorge.fr\/index.php\/portfolio\/faire-part-de-naissance\/\" title=\"Faire part de naissance\">Faire part de naissance<\/a><\/h2>\n\n\t\t\t\t\t\t<div class=\"portfolio-entry-meta\">\n\t\t\t\t\t\t\t\t\t\t\t\t<\/div>\n\n\t\t\t\t\t<\/header>\n\n\t\t\t\t\t\t\t\t\t\t<div class=\"portfolio-entry-content\"><\/div>\n\t\t\t\t\t\t\t\t\t<\/div><!-- close .portfolio-entry -->\n\t\t\t\t\t\t\t<\/div><!-- close .jetpack-portfolio -->\n\t\t\n","protected":false},"excerpt":{"rendered":"","protected":false},"author":1,"featured_media":0,"parent":0,"menu_order":2,"comment_status":"closed","ping_status":"closed","template":"","meta":{"spay_email":""},"_links":{"self":[{"href":"https:\/\/www.larueeverslorge.fr\/index.php\/wp-json\/wp\/v2\/pages\/91"}],"collection":[{"href":"https:\/\/www.larueeverslorge.fr\/index.php\/wp-json\/wp\/v2\/pages"}],"about":[{"href":"https:\/\/www.larueeverslorge.fr\/index.php\/wp-json\/wp\/v2\/types\/page"}],"author":[{"embeddable":true,"href":"https:\/\/www.larueeverslorge.fr\/index.php\/wp-json\/wp\/v2\/users\/1"}],"replies":[{"embeddable":true,"href":"https:\/\/www.larueeverslorge.fr\/index.php\/wp-json\/wp\/v2\/comments?post=91"}],"version-history":[{"count":4,"href":"https:\/\/www.larueeverslorge.fr\/index.php\/wp-json\/wp\/v2\/pages\/91\/revisions"}],"predecessor-version":[{"id":295,"href":"https:\/\/www.larueeverslorge.fr\/index.php\/wp-json\/wp\/v2\/pages\/91\/revisions\/295"}],"wp:attachment":[{"href":"https:\/\/www.larueeverslorge.fr\/index.php\/wp-json\/wp\/v2\/media?parent=91"}],"curies":[{"name":"wp","href":"https:\/\/api.w.org\/{rel}","templated":true}]}}